{"id":19,"date":"2017-08-29T18:57:33","date_gmt":"2017-08-29T18:57:33","guid":{"rendered":"https:\/\/hw-wallet.com\/?page_id=19"},"modified":"2017-08-29T21:40:29","modified_gmt":"2017-08-29T21:40:29","slug":"best-bitcoin-hardware-wallet","status":"publish","type":"page","link":"https:\/\/hw-wallet.com\/da\/best-bitcoin-hardware-wallet\/","title":{"rendered":"Hvilken Hardware Wallet er den bedste til mig?"},"content":{"rendered":"<h1>S\u00e5dan v\u00e6lger du den rigtige wallet<\/h1>\n<p>Lige nu er der ikke s\u00e5 mange forskellige muligheder, hvis du skal have dig en hardware wallet til dine Bitcoins (og lignende). Af denne grund skulle det v\u00e6re meget ligetil at v\u00e6lge imellem alternativerne, specielt fordi du m\u00e5ske allerede har en favorit. Du n\u00e6sten helt sikkert h\u00f8rt om den ene eller anden hardware wallet og t\u00e6nker, at den er den bedste. Der er ikke nogen \u201cbedste\u201d, mener vi. Bitcoin, krypto valuta og digitale assets er i voksev\u00e6rk, og der dukker sandsynligvis en masse nye hardware wallets op i det n\u00e6ste stykke tid. Af denne grund er det vigtigt at vide, hvad man skal kigge efter, n\u00e5r man skal v\u00e6lge den perfekte wallet. Kan man stole p\u00e5 alle hardware wallets?<\/p>\n<p>Hvis du ikke allerede har tjekket vores <a href=\"https:\/\/hw-wallet.com\/da\/\">Bitcoin Hardware Wallet Sammenligning<\/a> ud, s\u00e5 vil det v\u00e6re en god id\u00e9 at starte der. Du kan se en lille beskrivelse af hver wallet, priserne samt hvor de bliver sendt fra, s\u00e5 du ikke f\u00e5r en opkr\u00e6vning fra Post Danmark (det sker, hvis du bestiller uden for EU og v\u00e6rdien overstiger 80 kr.).<\/p>\n<p>Er det en ukendt wallet, s\u00e5 skal du l\u00e6se en del om den \u2013 forskellige steder. N\u00e6sten alle hardware wallets har en form for FAQ (Frequently Asked Questions). Her skulle du gerne kunne finde svar p\u00e5 de fleste af dine sp\u00f8rgsm\u00e5l. Derudover er det en god id\u00e9 at l\u00e6se p\u00e5 forskellige fora. Hvad er folks erfaringer med den og den wallet? Er den god? Er den d\u00e5rlig?<\/p>\n<h2>Unders\u00f8g virksomheden<\/h2>\n<p>\u201cEnhver\u201d kan starte en virksomhed og producere hardware wallets for derefter at l\u00f8be v\u00e6k med dine penge. Derfor skal du altid researche, hvad du k\u00f8ber. Hvem k\u00f8ber du fra? Hvad har udviklerne eller virksomheden gjort eller lavet f\u00f8r? G\u00e5 ind og l\u00e6s forskellige anmeldelser om produktet og virksomheden. Derefter er det en god id\u00e9 at g\u00e5 ind p\u00e5 fora og stille sp\u00f8rgsm\u00e5l \u2013 aktivt. Kig derefter p\u00e5, hvad der bliver lovet. Er det for godt til at v\u00e6re sandt? Hvis du kan svare ja, s\u00e5 er det sikkert for godt til at v\u00e6re sandt.<\/p>\n<h2>Kig p\u00e5 prisen<\/h2>\n<p>Det kan v\u00e6re, at du kigger p\u00e5 en p\u00e6n enhed. Men er den pengene v\u00e6rd? Vil du ikke kunne f\u00e5 samme funktion for mindre penge? Sandsynligvis. De fleste hardware wallets p\u00e5 siden koster under $100. Denne inf0rmation kan du bruge til at vide, at der skal meget til, f\u00f8r du har en god grund til at betale mange flere penge for en hardware wallet. Hvis du blev tilbudt en p\u00e6n wallet til $1000, ville du s\u00e5 k\u00f8be den, hvis funktionerne var de samme \u2013 men det var kun designet, der blev lavet om? Kan den noget, konkurrenterne ikke kan? Sandsynligvis ikke, s\u00e5 lad v\u00e6re med at k\u00f8be den. Du kan f\u00e5 en <a href=\"https:\/\/hw-wallet.com\/da\/go\/ledger-nano-s\/\">Ledger Nano S<\/a> til en god pris, og den kan alt, hvad du skal bruge en hardware wallet til.<\/p>\n<h2>Hvilke behov har du?<\/h2>\n<p>Har du brug for en hardware wallet, fordi det er sejt? K\u00f8b den billigste. Har du brug for en hardware wallet, fordi du \u00f8nsker at have store summer liggende p\u00e5 den? S\u00e5 vil det m\u00e5ske v\u00e6re en god id\u00e9 at kigge i retning af noget <a href=\"https:\/\/hw-wallet.com\/da\/go\/ledger-blue\/\">Ledger Blue<\/a>\u2013 en mere p\u00e5lidelig enhed til lidt flere penge. Hvis du ikke kan lide designet p\u00e5 Ledgers produkter, men egentlig vil have produkterne alligevel p\u00e5 grund af funktionerne, s\u00e5 burde du bare k\u00f8be en <a href=\"https:\/\/hw-wallet.com\/da\/go\/trezor\/\">TREZOR<\/a> eller <a href=\"https:\/\/hw-wallet.com\/da\/go\/keepkey\/\">KeepKey<\/a>. De kan stortset det samme. Forskellen er minimal. KeepKey kunne ogs\u00e5 v\u00e6re en mulighed, hvis du skal til USA.<\/p>","protected":false},"excerpt":{"rendered":"<p>This is how you choose the right wallet Right now, there are under a handful of options when it comes to Bitcoin hardware wallets. Therefore, it is quite easy to choose between them, especially because you probably already have a favourite wallet. Maybe the price is the problem. Bitcoin and other crypto currencies and digital [&hellip;]<\/p>","protected":false},"author":1,"featured_media":0,"parent":0,"menu_order":0,"comment_status":"closed","ping_status":"closed","template":"","meta":{"_acf_changed":false,"footnotes":""},"class_list":["post-19","page","type-page","status-publish","hentry"],"acf":[],"yoast_head":"<!-- This site is optimized with the Yoast SEO plugin v25.6 - https:\/\/yoast.com\/wordpress\/plugins\/seo\/ -->\n<title>Which Hardware Wallet is the best one for me? - Hardware Wallet<\/title>\n<meta name=\"robots\" content=\"index, follow, max-snippet:-1, max-image-preview:large, max-video-preview:-1\" \/>\n<link rel=\"canonical\" href=\"https:\/\/hw-wallet.com\/da\/best-bitcoin-hardware-wallet\/\" \/>\n<meta property=\"og:locale\" content=\"da_DK\" \/>\n<meta property=\"og:type\" content=\"article\" \/>\n<meta property=\"og:title\" content=\"Which Hardware Wallet is the best one for me? - Hardware Wallet\" \/>\n<meta property=\"og:description\" content=\"This is how you choose the right wallet Right now, there are under a handful of options when it comes to Bitcoin hardware wallets. Therefore, it is quite easy to choose between them, especially because you probably already have a favourite wallet. Maybe the price is the problem. Bitcoin and other crypto currencies and digital [&hellip;]\" \/>\n<meta property=\"og:url\" content=\"https:\/\/hw-wallet.com\/da\/best-bitcoin-hardware-wallet\/\" \/>\n<meta property=\"og:site_name\" content=\"Hardware Wallet\" \/>\n<meta property=\"article:modified_time\" content=\"2017-08-29T21:40:29+00:00\" \/>\n<meta name=\"twitter:card\" content=\"summary_large_image\" \/>\n<meta name=\"twitter:label1\" content=\"Estimeret l\u00e6setid\" \/>\n\t<meta name=\"twitter:data1\" content=\"2 minutter\" \/>\n<script type=\"application\/ld+json\" class=\"yoast-schema-graph\">{\"@context\":\"https:\/\/schema.org\",\"@graph\":[{\"@type\":\"WebPage\",\"@id\":\"https:\/\/hw-wallet.com\/da\/best-bitcoin-hardware-wallet\/\",\"url\":\"https:\/\/hw-wallet.com\/da\/best-bitcoin-hardware-wallet\/\",\"name\":\"Which Hardware Wallet is the best one for me? - Hardware Wallet\",\"isPartOf\":{\"@id\":\"https:\/\/hw-wallet.com\/#website\"},\"datePublished\":\"2017-08-29T18:57:33+00:00\",\"dateModified\":\"2017-08-29T21:40:29+00:00\",\"breadcrumb\":{\"@id\":\"https:\/\/hw-wallet.com\/da\/best-bitcoin-hardware-wallet\/#breadcrumb\"},\"inLanguage\":\"da-DK\",\"potentialAction\":[{\"@type\":\"ReadAction\",\"target\":[\"https:\/\/hw-wallet.com\/da\/best-bitcoin-hardware-wallet\/\"]}]},{\"@type\":\"BreadcrumbList\",\"@id\":\"https:\/\/hw-wallet.com\/da\/best-bitcoin-hardware-wallet\/#breadcrumb\",\"itemListElement\":[{\"@type\":\"ListItem\",\"position\":1,\"name\":\"Home\",\"item\":\"https:\/\/hw-wallet.com\/\"},{\"@type\":\"ListItem\",\"position\":2,\"name\":\"Which Hardware Wallet is the best one for me?\"}]},{\"@type\":\"WebSite\",\"@id\":\"https:\/\/hw-wallet.com\/#website\",\"url\":\"https:\/\/hw-wallet.com\/\",\"name\":\"Hardware Wallet\",\"description\":\"\",\"potentialAction\":[{\"@type\":\"SearchAction\",\"target\":{\"@type\":\"EntryPoint\",\"urlTemplate\":\"https:\/\/hw-wallet.com\/?s={search_term_string}\"},\"query-input\":{\"@type\":\"PropertyValueSpecification\",\"valueRequired\":true,\"valueName\":\"search_term_string\"}}],\"inLanguage\":\"da-DK\"}]}<\/script>\n<!-- \/ Yoast SEO plugin. -->","yoast_head_json":{"title":"Which Hardware Wallet is the best one for me? - Hardware Wallet","robots":{"index":"index","follow":"follow","max-snippet":"max-snippet:-1","max-image-preview":"max-image-preview:large","max-video-preview":"max-video-preview:-1"},"canonical":"https:\/\/hw-wallet.com\/da\/best-bitcoin-hardware-wallet\/","og_locale":"da_DK","og_type":"article","og_title":"Which Hardware Wallet is the best one for me? - Hardware Wallet","og_description":"This is how you choose the right wallet Right now, there are under a handful of options when it comes to Bitcoin hardware wallets. Therefore, it is quite easy to choose between them, especially because you probably already have a favourite wallet. Maybe the price is the problem. Bitcoin and other crypto currencies and digital [&hellip;]","og_url":"https:\/\/hw-wallet.com\/da\/best-bitcoin-hardware-wallet\/","og_site_name":"Hardware Wallet","article_modified_time":"2017-08-29T21:40:29+00:00","twitter_card":"summary_large_image","twitter_misc":{"Estimeret l\u00e6setid":"2 minutter"},"schema":{"@context":"https:\/\/schema.org","@graph":[{"@type":"WebPage","@id":"https:\/\/hw-wallet.com\/da\/best-bitcoin-hardware-wallet\/","url":"https:\/\/hw-wallet.com\/da\/best-bitcoin-hardware-wallet\/","name":"Which Hardware Wallet is the best one for me? - Hardware Wallet","isPartOf":{"@id":"https:\/\/hw-wallet.com\/#website"},"datePublished":"2017-08-29T18:57:33+00:00","dateModified":"2017-08-29T21:40:29+00:00","breadcrumb":{"@id":"https:\/\/hw-wallet.com\/da\/best-bitcoin-hardware-wallet\/#breadcrumb"},"inLanguage":"da-DK","potentialAction":[{"@type":"ReadAction","target":["https:\/\/hw-wallet.com\/da\/best-bitcoin-hardware-wallet\/"]}]},{"@type":"BreadcrumbList","@id":"https:\/\/hw-wallet.com\/da\/best-bitcoin-hardware-wallet\/#breadcrumb","itemListElement":[{"@type":"ListItem","position":1,"name":"Home","item":"https:\/\/hw-wallet.com\/"},{"@type":"ListItem","position":2,"name":"Which Hardware Wallet is the best one for me?"}]},{"@type":"WebSite","@id":"https:\/\/hw-wallet.com\/#website","url":"https:\/\/hw-wallet.com\/","name":"Hardware Wallet","description":"","potentialAction":[{"@type":"SearchAction","target":{"@type":"EntryPoint","urlTemplate":"https:\/\/hw-wallet.com\/?s={search_term_string}"},"query-input":{"@type":"PropertyValueSpecification","valueRequired":true,"valueName":"search_term_string"}}],"inLanguage":"da-DK"}]}},"_links":{"self":[{"href":"https:\/\/hw-wallet.com\/da\/wp-json\/wp\/v2\/pages\/19","targetHints":{"allow":["GET"]}}],"collection":[{"href":"https:\/\/hw-wallet.com\/da\/wp-json\/wp\/v2\/pages"}],"about":[{"href":"https:\/\/hw-wallet.com\/da\/wp-json\/wp\/v2\/types\/page"}],"author":[{"embeddable":true,"href":"https:\/\/hw-wallet.com\/da\/wp-json\/wp\/v2\/users\/1"}],"replies":[{"embeddable":true,"href":"https:\/\/hw-wallet.com\/da\/wp-json\/wp\/v2\/comments?post=19"}],"version-history":[{"count":0,"href":"https:\/\/hw-wallet.com\/da\/wp-json\/wp\/v2\/pages\/19\/revisions"}],"wp:attachment":[{"href":"https:\/\/hw-wallet.com\/da\/wp-json\/wp\/v2\/media?parent=19"}],"curies":[{"name":"wp","href":"https:\/\/api.w.org\/{rel}","templated":true}]}}