{"id":86,"date":"2017-08-29T21:01:55","date_gmt":"2017-08-29T21:01:55","guid":{"rendered":"https:\/\/hw-wallet.com\/?page_id=86"},"modified":"2017-08-29T21:21:25","modified_gmt":"2017-08-29T21:21:25","slug":"discount-codes","status":"publish","type":"page","link":"https:\/\/hw-wallet.com\/da\/discount-codes\/","title":{"rendered":"Rabatkoder"},"content":{"rendered":"<p>Vi leder altid efter de nyeste rabatkoder p\u00e5 internettet, s\u00e5 I kan spare penge p\u00e5 hardware wallets. Vi kan desv\u00e6rre ikke opdatere denne side hver eneste dag, og derfor beder vi dig om at indsende rabatkoder eller rabatlinks til os, hvis de ikke allerede er p\u00e5 siden. Dette kan g\u00f8res ved at anvende vores kontaktformular. Vi vil tilf\u00f8je koderne s\u00e5 hurtigt som muligt. Skulle det ske, at der st\u00e5r en kode eller to, der ikke l\u00e6ngere virker, s\u00e5 kontakt os endelig.<\/p>\n<h2>Ledger Nano S<\/h2>\n<p>Der er desv\u00e6rre ingen rabatkoder tilg\u00e6ngelige p\u00e5 nuv\u00e6rende tidspunkt.<\/p>\n<h2>TREZOR<\/h2>\n<p>Der er desv\u00e6rre ingen rabatkoder tilg\u00e6ngelige p\u00e5 nuv\u00e6rende tidspunkt.<\/p>\n<h2>KeepKey<\/h2>\n<p>Der er desv\u00e6rre ingen rabatkoder tilg\u00e6ngelige p\u00e5 nuv\u00e6rende tidspunkt.<\/p>","protected":false},"excerpt":{"rendered":"<p>We are always scanning the internet for new discount codes for hardware wallets. Unfortunately, we cannot update this website every day. So, if you discover a discount code or promo code, which is not listed on this page &#8211; please contact us and we will add it or them to this site as soon as [&hellip;]<\/p>","protected":false},"author":1,"featured_media":0,"parent":0,"menu_order":0,"comment_status":"closed","ping_status":"closed","template":"template-full.php","meta":{"_acf_changed":false,"footnotes":""},"class_list":["post-86","page","type-page","status-publish","hentry"],"acf":[],"yoast_head":"<!-- This site is optimized with the Yoast SEO plugin v25.6 - https:\/\/yoast.com\/wordpress\/plugins\/seo\/ -->\n<title>Discount Codes - Hardware Wallet<\/title>\n<meta name=\"robots\" content=\"index, follow, max-snippet:-1, max-image-preview:large, max-video-preview:-1\" \/>\n<link rel=\"canonical\" href=\"https:\/\/hw-wallet.com\/da\/discount-codes\/\" \/>\n<meta property=\"og:locale\" content=\"da_DK\" \/>\n<meta property=\"og:type\" content=\"article\" \/>\n<meta property=\"og:title\" content=\"Discount Codes - Hardware Wallet\" \/>\n<meta property=\"og:description\" content=\"We are always scanning the internet for new discount codes for hardware wallets. Unfortunately, we cannot update this website every day. So, if you discover a discount code or promo code, which is not listed on this page &#8211; please contact us and we will add it or them to this site as soon as [&hellip;]\" \/>\n<meta property=\"og:url\" content=\"https:\/\/hw-wallet.com\/da\/discount-codes\/\" \/>\n<meta property=\"og:site_name\" content=\"Hardware Wallet\" \/>\n<meta property=\"article:modified_time\" content=\"2017-08-29T21:21:25+00:00\" \/>\n<meta name=\"twitter:card\" content=\"summary_large_image\" \/>\n<meta name=\"twitter:label1\" content=\"Estimeret l\u00e6setid\" \/>\n\t<meta name=\"twitter:data1\" content=\"1 minut\" \/>\n<script type=\"application\/ld+json\" class=\"yoast-schema-graph\">{\"@context\":\"https:\/\/schema.org\",\"@graph\":[{\"@type\":\"WebPage\",\"@id\":\"https:\/\/hw-wallet.com\/discount-codes\/\",\"url\":\"https:\/\/hw-wallet.com\/discount-codes\/\",\"name\":\"Discount Codes - Hardware Wallet\",\"isPartOf\":{\"@id\":\"https:\/\/hw-wallet.com\/#website\"},\"datePublished\":\"2017-08-29T21:01:55+00:00\",\"dateModified\":\"2017-08-29T21:21:25+00:00\",\"breadcrumb\":{\"@id\":\"https:\/\/hw-wallet.com\/discount-codes\/#breadcrumb\"},\"inLanguage\":\"da-DK\",\"potentialAction\":[{\"@type\":\"ReadAction\",\"target\":[\"https:\/\/hw-wallet.com\/discount-codes\/\"]}]},{\"@type\":\"BreadcrumbList\",\"@id\":\"https:\/\/hw-wallet.com\/discount-codes\/#breadcrumb\",\"itemListElement\":[{\"@type\":\"ListItem\",\"position\":1,\"name\":\"Home\",\"item\":\"https:\/\/hw-wallet.com\/\"},{\"@type\":\"ListItem\",\"position\":2,\"name\":\"Discount Codes\"}]},{\"@type\":\"WebSite\",\"@id\":\"https:\/\/hw-wallet.com\/#website\",\"url\":\"https:\/\/hw-wallet.com\/\",\"name\":\"Hardware Wallet\",\"description\":\"\",\"potentialAction\":[{\"@type\":\"SearchAction\",\"target\":{\"@type\":\"EntryPoint\",\"urlTemplate\":\"https:\/\/hw-wallet.com\/?s={search_term_string}\"},\"query-input\":{\"@type\":\"PropertyValueSpecification\",\"valueRequired\":true,\"valueName\":\"search_term_string\"}}],\"inLanguage\":\"da-DK\"}]}<\/script>\n<!-- \/ Yoast SEO plugin. -->","yoast_head_json":{"title":"Discount Codes - Hardware Wallet","robots":{"index":"index","follow":"follow","max-snippet":"max-snippet:-1","max-image-preview":"max-image-preview:large","max-video-preview":"max-video-preview:-1"},"canonical":"https:\/\/hw-wallet.com\/da\/discount-codes\/","og_locale":"da_DK","og_type":"article","og_title":"Discount Codes - Hardware Wallet","og_description":"We are always scanning the internet for new discount codes for hardware wallets. Unfortunately, we cannot update this website every day. So, if you discover a discount code or promo code, which is not listed on this page &#8211; please contact us and we will add it or them to this site as soon as [&hellip;]","og_url":"https:\/\/hw-wallet.com\/da\/discount-codes\/","og_site_name":"Hardware Wallet","article_modified_time":"2017-08-29T21:21:25+00:00","twitter_card":"summary_large_image","twitter_misc":{"Estimeret l\u00e6setid":"1 minut"},"schema":{"@context":"https:\/\/schema.org","@graph":[{"@type":"WebPage","@id":"https:\/\/hw-wallet.com\/discount-codes\/","url":"https:\/\/hw-wallet.com\/discount-codes\/","name":"Discount Codes - Hardware Wallet","isPartOf":{"@id":"https:\/\/hw-wallet.com\/#website"},"datePublished":"2017-08-29T21:01:55+00:00","dateModified":"2017-08-29T21:21:25+00:00","breadcrumb":{"@id":"https:\/\/hw-wallet.com\/discount-codes\/#breadcrumb"},"inLanguage":"da-DK","potentialAction":[{"@type":"ReadAction","target":["https:\/\/hw-wallet.com\/discount-codes\/"]}]},{"@type":"BreadcrumbList","@id":"https:\/\/hw-wallet.com\/discount-codes\/#breadcrumb","itemListElement":[{"@type":"ListItem","position":1,"name":"Home","item":"https:\/\/hw-wallet.com\/"},{"@type":"ListItem","position":2,"name":"Discount Codes"}]},{"@type":"WebSite","@id":"https:\/\/hw-wallet.com\/#website","url":"https:\/\/hw-wallet.com\/","name":"Hardware Wallet","description":"","potentialAction":[{"@type":"SearchAction","target":{"@type":"EntryPoint","urlTemplate":"https:\/\/hw-wallet.com\/?s={search_term_string}"},"query-input":{"@type":"PropertyValueSpecification","valueRequired":true,"valueName":"search_term_string"}}],"inLanguage":"da-DK"}]}},"_links":{"self":[{"href":"https:\/\/hw-wallet.com\/da\/wp-json\/wp\/v2\/pages\/86","targetHints":{"allow":["GET"]}}],"collection":[{"href":"https:\/\/hw-wallet.com\/da\/wp-json\/wp\/v2\/pages"}],"about":[{"href":"https:\/\/hw-wallet.com\/da\/wp-json\/wp\/v2\/types\/page"}],"author":[{"embeddable":true,"href":"https:\/\/hw-wallet.com\/da\/wp-json\/wp\/v2\/users\/1"}],"replies":[{"embeddable":true,"href":"https:\/\/hw-wallet.com\/da\/wp-json\/wp\/v2\/comments?post=86"}],"version-history":[{"count":0,"href":"https:\/\/hw-wallet.com\/da\/wp-json\/wp\/v2\/pages\/86\/revisions"}],"wp:attachment":[{"href":"https:\/\/hw-wallet.com\/da\/wp-json\/wp\/v2\/media?parent=86"}],"curies":[{"name":"wp","href":"https:\/\/api.w.org\/{rel}","templated":true}]}}